{"id":3021,"date":"2025-09-10T17:27:42","date_gmt":"2025-09-10T20:27:42","guid":{"rendered":"https:\/\/blooom.life\/?page_id=3021"},"modified":"2025-10-24T12:09:58","modified_gmt":"2025-10-24T15:09:58","slug":"get-involved","status":"publish","type":"page","link":"https:\/\/blooom.life\/es\/get-involved\/","title":{"rendered":"Participar"},"content":{"rendered":"<div data-elementor-type=\"wp-page\" data-elementor-id=\"3021\" class=\"elementor elementor-3021\">\n\t\t\t\t<div class=\"elementor-element elementor-element-e14be48 e-con-full e-flex e-con e-parent\" data-id=\"e14be48\" data-element_type=\"container\">\n\t\t<div class=\"elementor-element elementor-element-58a84c7 e-flex e-con-boxed e-con e-child\" data-id=\"58a84c7\" data-element_type=\"container\" data-settings=\"{&quot;background_background&quot;:&quot;classic&quot;}\">\n\t\t\t\t\t<div class=\"e-con-inner\">\n\t\t\t\t<div class=\"elementor-element elementor-element-b37ef78 elementor-widget__width-initial elementor-widget elementor-widget-heading\" data-id=\"b37ef78\" data-element_type=\"widget\" data-widget_type=\"heading.default\">\n\t\t\t\t<div class=\"elementor-widget-container\">\n\t\t\t\t\t<h1 class=\"elementor-heading-title elementor-size-default\">Crece con Nosotros<\/h1>\t\t\t\t<\/div>\n\t\t\t\t<\/div>\n\t\t\t\t<div class=\"elementor-element elementor-element-691c105 elementor-view-default elementor-widget elementor-widget-icon\" data-id=\"691c105\" data-element_type=\"widget\" data-widget_type=\"icon.default\">\n\t\t\t\t<div class=\"elementor-widget-container\">\n\t\t\t\t\t\t\t<div class=\"elementor-icon-wrapper\">\n\t\t\t<div class=\"elementor-icon\">\n\t\t\t<svg xmlns=\"http:\/\/www.w3.org\/2000\/svg\" width=\"61\" height=\"50\" viewbox=\"0 0 61 50\" fill=\"none\"><g clip-path=\"url(#clip0_60_4472)\"><path d=\"M41.5563 0.249764C41.1541 0.124881 40.7259 0.0364219 40.3081 0.026015C38.9606 -2.25158e-06 37.6132 -0.0208161 36.2658 0.0364219C35.498 0.0676427 34.7303 0.218543 33.9783 0.385053C33.268 0.541157 32.7405 1.00426 32.3331 1.60787C31.884 2.27911 31.649 3.03361 31.4505 3.79852C30.0456 9.31939 28.646 14.835 27.2672 20.3611C27.121 20.9439 27.0322 21.5683 27.0844 22.1615C27.1784 23.2282 27.8417 23.7798 28.9541 23.5456C29.116 23.5092 29.2831 23.478 29.4294 23.4103C29.8472 23.2178 30.2702 23.0357 30.6671 22.8067C31.7691 22.1667 32.8606 21.5059 33.9574 20.8554C33.9626 20.8659 33.9678 20.8763 33.9783 20.8867C35.3205 20.0437 36.6783 19.2164 38.0101 18.3578C38.9084 17.775 39.5038 16.932 39.8224 15.9226C40.1984 14.7466 40.5378 13.5602 40.846 12.3686C41.5563 9.642 42.2509 6.90498 42.9141 4.16796C43.0708 3.53314 43.1387 2.85669 43.1283 2.20626C43.1126 1.13955 42.4807 0.541157 41.551 0.254967L41.5563 0.249764Z\" fill=\"white\"><\/path><path d=\"M27.1263 1.94611C26.7085 1.94611 26.275 2.00334 25.8729 2.12823C23.3294 2.92956 20.9427 4.07432 18.6761 5.47405C17.4749 6.21814 16.7229 7.30567 16.3416 8.64816C15.9029 10.1884 15.4799 11.7338 15.083 13.2844C13.6885 18.7481 12.3098 24.2169 10.931 29.6805C10.8161 30.1436 10.696 30.6171 10.6699 31.0907C10.6437 31.559 10.6751 32.0481 10.7795 32.506C10.8944 33.0107 11.4219 33.3542 11.9494 33.3594C12.2053 33.3594 12.4769 33.3438 12.7119 33.2553C13.2133 33.0732 13.7146 32.8806 14.1742 32.6153C15.2971 31.9804 16.3991 31.2988 17.5115 30.638C17.5167 30.6484 17.5219 30.6588 17.5324 30.6692C18.8902 29.8158 20.2586 28.9781 21.6112 28.1091C22.2745 27.6824 22.755 27.084 23.1153 26.3763C23.6376 25.346 23.8778 24.2221 24.1598 23.1242C25.6953 17.1454 27.2046 11.1614 28.7035 5.17225C28.8288 4.66231 28.8915 4.11074 28.8602 3.5904C28.8027 2.60694 28.1551 1.9409 27.1367 1.95131L27.1263 1.94611Z\" fill=\"white\"><\/path><path d=\"M5.38991 18.7012C3.56723 21.7348 2.1989 24.9662 1.26928 28.3744C0.595565 30.8305 0.162089 33.3333 0.0210785 35.8778C-0.0207024 36.6063 -0.0154797 37.3608 0.120308 38.0737C0.334435 39.2132 1.24317 39.7388 2.3608 39.4006C2.97185 39.2184 3.54633 38.9114 4.14171 38.6617C4.13127 38.6409 4.12604 38.6253 4.1156 38.6044C4.19394 38.5576 4.27228 38.5108 4.35584 38.4639C5.71894 37.673 6.71123 36.5855 7.13426 35.0401C7.50507 33.6924 7.90199 32.3499 8.24668 30.9918C9.4061 26.4544 10.5551 21.917 11.6936 17.3743C11.9338 16.4117 12.1375 15.4387 12.3046 14.4552C12.3778 14.0129 12.3673 13.5342 12.289 13.0867C12.1271 12.1969 11.4377 11.9159 10.6334 12.353C10.0903 12.6496 9.63067 13.0399 9.21808 13.4874C7.75053 15.0796 6.51277 16.8384 5.40036 18.6908L5.38991 18.7012Z\" fill=\"white\"><\/path><path d=\"M22.52 31.7931C22.0238 32.1053 21.5433 32.4591 21.136 32.8806C20.3682 33.6716 20.4936 34.5978 21.4128 35.2118C21.6739 35.3835 21.9611 35.524 22.2536 35.6281C22.7393 35.7998 23.2355 35.9559 23.7316 36.086C29.1422 37.4545 34.5581 38.8178 39.9739 40.1707C41.337 40.5089 42.7053 40.8107 44.0736 41.1229C45.6143 41.4715 46.9826 41.1801 48.2047 40.1342C49.7767 38.7865 51.1868 37.288 52.4716 35.6697C52.7797 35.2846 53.0513 34.8527 53.255 34.4052C53.772 33.2709 53.4169 32.2926 52.2888 31.7411C51.8292 31.5173 51.3331 31.3404 50.8369 31.2155C45.9433 29.9719 41.0498 28.7439 36.1562 27.5211C35.2997 27.3077 34.4275 27.1308 33.5605 26.9487C32.2706 26.6781 31.0171 26.7926 29.8629 27.4534C28.5521 28.2079 27.2569 28.9989 25.9564 29.769C25.9564 29.7638 25.946 29.7534 25.946 29.7481C24.8022 30.4298 23.648 31.0906 22.5252 31.7983L22.52 31.7931Z\" fill=\"white\"><\/path><path d=\"M5.59878 41.8618C5.10785 42.174 4.63782 42.5486 4.23568 42.9701C3.6873 43.5529 3.67686 44.2762 4.10511 44.9526C4.46547 45.5198 5.02951 45.8528 5.604 46.1442C7.70348 47.2057 9.90742 47.9967 12.174 48.6211C14.1325 49.1622 16.1328 49.5369 18.1539 49.7606C21.5904 50.1457 25.0164 50.0624 28.4268 49.5369C31.0799 49.1258 33.6598 48.4285 36.1667 47.4815C37.4775 46.9872 38.778 46.4564 39.9478 45.6655C40.2194 45.4834 40.491 45.2752 40.7051 45.0307C41.0498 44.6352 41.2169 44.1409 40.9819 43.6466C40.8461 43.3656 40.5902 43.1158 40.3343 42.9233C39.671 42.4238 38.8668 42.2312 38.0781 42.0387C31.1373 40.3059 24.1912 38.5888 17.2452 36.8769C15.8507 36.5334 14.4929 36.6063 13.2238 37.34C11.9129 38.0997 10.6177 38.8854 9.31727 39.6607L9.30682 39.6399C8.06907 40.3788 6.81564 41.0917 5.59878 41.8618Z\" fill=\"white\"><\/path><path d=\"M45.2749 4.34488C44.6952 6.57196 44.1207 8.80424 43.588 11.0469C43.4731 11.5361 43.4731 12.0772 43.5253 12.5819C43.6141 13.4509 44.3087 13.94 45.1704 13.8152C45.3166 13.7944 45.4681 13.7683 45.5987 13.7111C46.0896 13.503 46.5962 13.3208 47.0558 13.0555C48.4502 12.2541 49.8238 11.4164 51.2077 10.5994C52.6231 9.75647 54.0384 8.92392 55.4433 8.07055C55.9812 7.74273 56.4721 7.35768 56.8482 6.84254C57.2607 6.28056 57.2973 5.44801 56.7228 4.8236C56.2789 4.33967 55.741 3.99625 55.156 3.71006C53.6624 2.97637 52.1113 2.37797 50.5288 1.86283C49.7559 1.60786 48.9777 1.3737 48.1525 1.34769C47.0819 1.31647 46.2933 1.79518 45.8389 2.74221C45.5934 3.25215 45.4159 3.80372 45.2696 4.35008L45.2749 4.34488Z\" fill=\"white\"><\/path><path d=\"M53.6416 13.8204C53.4274 14.2523 53.4274 14.6685 53.6416 15.1369C53.9236 15.3606 54.1795 15.652 54.4981 15.8029C55.7619 16.4065 57.0989 16.7603 58.4986 16.8176C59.4961 16.8592 60.3004 16.3128 60.6398 15.3762C60.7965 14.9495 60.8957 14.4916 60.9375 14.0389C61.0211 13.196 61.0785 12.353 60.7495 11.5309C60.4257 10.7191 59.7833 10.3133 58.9268 10.4694C58.5508 10.537 58.1591 10.6463 57.8301 10.8284C56.7542 11.432 55.6888 12.0668 54.6443 12.7277C54.2265 12.993 53.8766 13.3573 53.6468 13.8152L53.6416 13.8204Z\" fill=\"white\"><\/path><path d=\"M39.1175 21.9117C38.5169 22.276 37.9268 22.6558 37.5298 23.2594C37.0964 23.9203 37.1173 24.4406 37.6395 25.0182C37.8328 25.2315 38.0887 25.4033 38.3498 25.5333C38.731 25.7155 39.128 25.882 39.5353 25.986C44.0685 27.136 48.6018 28.2756 53.1402 29.4099C53.5162 29.5036 53.9027 29.54 54.2892 29.5764C55.6784 29.6961 56.6707 29.0769 57.3235 27.8853C58.0129 26.6209 58.5299 25.2784 58.9739 23.9151C59.1723 23.3063 59.3603 22.6767 59.4387 22.0418C59.5849 20.8398 59.1566 20.0125 58.0703 19.4609C57.616 19.2268 57.1198 19.0498 56.6185 18.925C54.3414 18.3578 52.0591 17.8114 49.7768 17.2807C48.5286 16.9945 47.3066 17.1194 46.1837 17.7542C44.8989 18.4827 43.6403 19.258 42.3712 20.0125C42.366 20.0021 42.3608 19.9969 42.3555 19.9865C41.2745 20.6265 40.1934 21.2613 39.1175 21.9169V21.9117Z\" fill=\"white\"><\/path><\/g><defs><clippath id=\"clip0_60_4472\"><rect width=\"61\" height=\"50\" fill=\"white\"><\/rect><\/clippath><\/defs><\/svg>\t\t\t<\/div>\n\t\t<\/div>\n\t\t\t\t\t\t<\/div>\n\t\t\t\t<\/div>\n\t\t\t\t<div class=\"elementor-element elementor-element-6369de4 elementor-widget__width-initial elementor-widget elementor-widget-heading\" data-id=\"6369de4\" data-element_type=\"widget\" data-widget_type=\"heading.default\">\n\t\t\t\t<div class=\"elementor-widget-container\">\n\t\t\t\t\t<p class=\"elementor-heading-title elementor-size-default\">Microgreens son peque\u00f1as, llenas de nutrientes de las plantas cosechadas d\u00edas despu\u00e9s de la germinaci\u00f3n. En BLOOOM, que no son s\u00f3lo los cultivos, sino una puerta de entrada para el aprendizaje, la inclusi\u00f3n y el empoderamiento. <br><br>Explorar c\u00f3mo crecer, por qu\u00e9 son importantes, y c\u00f3mo usted puede traer esta poderosa herramienta a su comunidad. <br>Listo para crecer potencial? \u00danete al movimiento!<\/p>\t\t\t\t<\/div>\n\t\t\t\t<\/div>\n\t\t\t\t\t<\/div>\n\t\t\t\t<\/div>\n\t\t\t\t<\/div>\n\t\t<div class=\"elementor-element elementor-element-158c4e2 e-flex e-con-boxed e-con e-parent\" data-id=\"158c4e2\" data-element_type=\"container\">\n\t\t\t\t\t<div class=\"e-con-inner\">\n\t\t\t\t<div class=\"elementor-element elementor-element-640193d elementor-widget elementor-widget-heading\" data-id=\"640193d\" data-element_type=\"widget\" data-widget_type=\"heading.default\">\n\t\t\t\t<div class=\"elementor-widget-container\">\n\t\t\t\t\t<h2 class=\"elementor-heading-title elementor-size-default\">A qui\u00e9n Servimos, y C\u00f3mo Usted Puede Unirse a<\/h2>\t\t\t\t<\/div>\n\t\t\t\t<\/div>\n\t\t\t\t<div class=\"elementor-element elementor-element-ed36173 elementor-widget__width-inherit elementor-widget elementor-widget-heading\" data-id=\"ed36173\" data-element_type=\"widget\" data-widget_type=\"heading.default\">\n\t\t\t\t<div class=\"elementor-widget-container\">\n\t\t\t\t\t<p class=\"elementor-heading-title elementor-size-default\">BLOOOM es un modelo flexible dise\u00f1ado para soportar una amplia gama de socios. De centros de d\u00eda a los padres de familia, de cada ruta se adapta a llevar las manos en el aprendizaje y con el prop\u00f3sito de empleo para j\u00f3venes adultos con discapacidad intelectual. <br><br>Explorar el papel que mejor se adapte a usted.<\/p>\t\t\t\t<\/div>\n\t\t\t\t<\/div>\n\t\t\t\t\t<\/div>\n\t\t\t\t<\/div>\n\t\t<div class=\"elementor-element elementor-element-a503b5c e-flex e-con-boxed e-con e-parent\" data-id=\"a503b5c\" data-element_type=\"container\" data-settings=\"{&quot;background_background&quot;:&quot;classic&quot;}\">\n\t\t\t\t\t<div class=\"e-con-inner\">\n\t\t<div class=\"elementor-element elementor-element-8f07256 e-con-full e-flex e-con e-child\" data-id=\"8f07256\" data-element_type=\"container\">\n\t\t\t\t<div class=\"elementor-element elementor-element-aca9ab0 elementor-widget__width-inherit elementor-widget elementor-widget-heading\" data-id=\"aca9ab0\" data-element_type=\"widget\" data-widget_type=\"heading.default\">\n\t\t\t\t<div class=\"elementor-widget-container\">\n\t\t\t\t\t<h2 class=\"elementor-heading-title elementor-size-default\">Centros De D\u00eda<\/h2>\t\t\t\t<\/div>\n\t\t\t\t<\/div>\n\t\t\t\t<div class=\"elementor-element elementor-element-f91e57b elementor-widget__width-inherit elementor-widget elementor-widget-heading\" data-id=\"f91e57b\" data-element_type=\"widget\" data-widget_type=\"heading.default\">\n\t\t\t\t<div class=\"elementor-widget-container\">\n\t\t\t\t\t<h3 class=\"elementor-heading-title elementor-size-default\">Implementar BLOOOM como una oportunidad profesional en su centro de d\u00eda. <br><br>Nuestro sistema de llave en mano apoya rutinas consistentes, claras instrucciones y tareas significativas, ofreciendo neurodiverse a los participantes una experiencia gratificante basa en el crecimiento y contribuci\u00f3n.<\/h3>\t\t\t\t<\/div>\n\t\t\t\t<\/div>\n\t\t\t\t<div class=\"elementor-element elementor-element-e3a32d6 elementor-align-left elementor-mobile-align-center elementor-widget elementor-widget-button\" data-id=\"e3a32d6\" data-element_type=\"widget\" data-widget_type=\"button.default\">\n\t\t\t\t<div class=\"elementor-widget-container\">\n\t\t\t\t\t\t\t\t\t<div class=\"elementor-button-wrapper\">\n\t\t\t\t\t<a class=\"elementor-button elementor-button-link elementor-size-sm\" href=\"https:\/\/blooom.life\/es\/day-centers\/\">\n\t\t\t\t\t\t<span class=\"elementor-button-content-wrapper\">\n\t\t\t\t\t\t\t\t\t<span class=\"elementor-button-text\">Ver m\u00e1s<\/span>\n\t\t\t\t\t<\/span>\n\t\t\t\t\t<\/a>\n\t\t\t\t<\/div>\n\t\t\t\t\t\t\t\t<\/div>\n\t\t\t\t<\/div>\n\t\t\t\t<\/div>\n\t\t\t\t<div class=\"elementor-element elementor-element-7f7dcec elementor-widget__width-initial elementor-widget elementor-widget-image\" data-id=\"7f7dcec\" data-element_type=\"widget\" data-widget_type=\"image.default\">\n\t\t\t\t<div class=\"elementor-widget-container\">\n\t\t\t\t\t\t\t\t\t\t\t\t\t\t\t<img fetchpriority=\"high\" decoding=\"async\" width=\"1024\" height=\"724\" src=\"https:\/\/blooom.life\/wp-content\/uploads\/2025\/10\/fb4d2311-ec02-439d-8dd7-f9af6e93d0c5-e1760977142114-1024x724.jpg\" class=\"attachment-large size-large wp-image-3405\" alt=\"\" srcset=\"https:\/\/blooom.life\/wp-content\/uploads\/2025\/10\/fb4d2311-ec02-439d-8dd7-f9af6e93d0c5-e1760977142114-1024x724.jpg 1024w, https:\/\/blooom.life\/wp-content\/uploads\/2025\/10\/fb4d2311-ec02-439d-8dd7-f9af6e93d0c5-e1760977142114-300x212.jpg 300w, https:\/\/blooom.life\/wp-content\/uploads\/2025\/10\/fb4d2311-ec02-439d-8dd7-f9af6e93d0c5-e1760977142114-768x543.jpg 768w, https:\/\/blooom.life\/wp-content\/uploads\/2025\/10\/fb4d2311-ec02-439d-8dd7-f9af6e93d0c5-e1760977142114.jpg 1340w\" sizes=\"(max-width: 1024px) 100vw, 1024px\" \/>\t\t\t\t\t\t\t\t\t\t\t\t\t\t\t<\/div>\n\t\t\t\t<\/div>\n\t\t\t\t\t<\/div>\n\t\t\t\t<\/div>\n\t\t<div class=\"elementor-element elementor-element-07cde87 e-flex e-con-boxed e-con e-parent\" data-id=\"07cde87\" data-element_type=\"container\">\n\t\t\t\t\t<div class=\"e-con-inner\">\n\t\t<div class=\"elementor-element elementor-element-0f18359 e-con-full e-flex e-con e-child\" data-id=\"0f18359\" data-element_type=\"container\">\n\t\t\t\t<div class=\"elementor-element elementor-element-8f99ad0 elementor-widget__width-inherit elementor-widget elementor-widget-heading\" data-id=\"8f99ad0\" data-element_type=\"widget\" data-widget_type=\"heading.default\">\n\t\t\t\t<div class=\"elementor-widget-container\">\n\t\t\t\t\t<h2 class=\"elementor-heading-title elementor-size-default\">Organizaciones<\/h2>\t\t\t\t<\/div>\n\t\t\t\t<\/div>\n\t\t\t\t<div class=\"elementor-element elementor-element-355cf36 elementor-widget__width-inherit elementor-widget elementor-widget-heading\" data-id=\"355cf36\" data-element_type=\"widget\" data-widget_type=\"heading.default\">\n\t\t\t\t<div class=\"elementor-widget-container\">\n\t\t\t\t\t<h3 class=\"elementor-heading-title elementor-size-default\">Si eres una organizaci\u00f3n sin fines de lucro de la escuela o de iniciativa social, BLOOOM mejora su impacto mediante la combinaci\u00f3n de la agricultura sostenible con empleo inclusivos. <br><br>Proporcionamos las herramientas, apoyo y capacitaci\u00f3n para ayudar a crear puestos de trabajo reales en su comunidad.<\/h3>\t\t\t\t<\/div>\n\t\t\t\t<\/div>\n\t\t\t\t<div class=\"elementor-element elementor-element-bb46e3c elementor-align-left elementor-mobile-align-center elementor-widget elementor-widget-button\" data-id=\"bb46e3c\" data-element_type=\"widget\" data-widget_type=\"button.default\">\n\t\t\t\t<div class=\"elementor-widget-container\">\n\t\t\t\t\t\t\t\t\t<div class=\"elementor-button-wrapper\">\n\t\t\t\t\t<a class=\"elementor-button elementor-button-link elementor-size-sm\" href=\"https:\/\/blooom.life\/es\/organizations\/\">\n\t\t\t\t\t\t<span class=\"elementor-button-content-wrapper\">\n\t\t\t\t\t\t\t\t\t<span class=\"elementor-button-text\">Participar<\/span>\n\t\t\t\t\t<\/span>\n\t\t\t\t\t<\/a>\n\t\t\t\t<\/div>\n\t\t\t\t\t\t\t\t<\/div>\n\t\t\t\t<\/div>\n\t\t\t\t<\/div>\n\t\t\t\t<div class=\"elementor-element elementor-element-d8b180c elementor-widget__width-initial elementor-widget elementor-widget-image\" data-id=\"d8b180c\" data-element_type=\"widget\" data-widget_type=\"image.default\">\n\t\t\t\t<div class=\"elementor-widget-container\">\n\t\t\t\t\t\t\t\t\t\t\t\t\t\t\t<img decoding=\"async\" width=\"1024\" height=\"966\" src=\"https:\/\/blooom.life\/wp-content\/uploads\/2025\/10\/IMG_2350-e1760827824525-1024x966.jpg\" class=\"attachment-large size-large wp-image-3342\" alt=\"\" srcset=\"https:\/\/blooom.life\/wp-content\/uploads\/2025\/10\/IMG_2350-e1760827824525-1024x966.jpg 1024w, https:\/\/blooom.life\/wp-content\/uploads\/2025\/10\/IMG_2350-e1760827824525-300x283.jpg 300w, https:\/\/blooom.life\/wp-content\/uploads\/2025\/10\/IMG_2350-e1760827824525-768x724.jpg 768w, https:\/\/blooom.life\/wp-content\/uploads\/2025\/10\/IMG_2350-e1760827824525.jpg 1525w\" sizes=\"(max-width: 1024px) 100vw, 1024px\" \/>\t\t\t\t\t\t\t\t\t\t\t\t\t\t\t<\/div>\n\t\t\t\t<\/div>\n\t\t\t\t\t<\/div>\n\t\t\t\t<\/div>\n\t\t<div class=\"elementor-element elementor-element-dca08cb e-flex e-con-boxed e-con e-parent\" data-id=\"dca08cb\" data-element_type=\"container\" data-settings=\"{&quot;background_background&quot;:&quot;classic&quot;}\">\n\t\t\t\t\t<div class=\"e-con-inner\">\n\t\t<div class=\"elementor-element elementor-element-4f94a03 e-con-full e-flex e-con e-child\" data-id=\"4f94a03\" data-element_type=\"container\">\n\t\t\t\t<div class=\"elementor-element elementor-element-2162876 elementor-widget__width-inherit elementor-widget elementor-widget-heading\" data-id=\"2162876\" data-element_type=\"widget\" data-widget_type=\"heading.default\">\n\t\t\t\t<div class=\"elementor-widget-container\">\n\t\t\t\t\t<h2 class=\"elementor-heading-title elementor-size-default\">Padres<\/h2>\t\t\t\t<\/div>\n\t\t\t\t<\/div>\n\t\t\t\t<div class=\"elementor-element elementor-element-daede96 elementor-widget__width-inherit elementor-widget elementor-widget-heading\" data-id=\"daede96\" data-element_type=\"widget\" data-widget_type=\"heading.default\">\n\t\t\t\t<div class=\"elementor-widget-container\">\n\t\t\t\t\t<h3 class=\"elementor-heading-title elementor-size-default\">BLOOOM ofrece mucho m\u00e1s que un programa de agricultura, es un lugar seguro, estructurado espacio donde el ni\u00f1o pueda adquirir habilidades, la confianza y la independencia. <br><br>Aprenda c\u00f3mo usted puede abogar por BLOOOM en su escuela o en el vecindario y ser parte de su crecimiento viaje.<\/h3>\t\t\t\t<\/div>\n\t\t\t\t<\/div>\n\t\t\t\t<div class=\"elementor-element elementor-element-b7b7ca9 elementor-align-left elementor-mobile-align-center elementor-widget elementor-widget-button\" data-id=\"b7b7ca9\" data-element_type=\"widget\" data-widget_type=\"button.default\">\n\t\t\t\t<div class=\"elementor-widget-container\">\n\t\t\t\t\t\t\t\t\t<div class=\"elementor-button-wrapper\">\n\t\t\t\t\t<a class=\"elementor-button elementor-button-link elementor-size-sm\" href=\"https:\/\/blooom.life\/es\/parents\/\">\n\t\t\t\t\t\t<span class=\"elementor-button-content-wrapper\">\n\t\t\t\t\t\t\t\t\t<span class=\"elementor-button-text\">Ver m\u00e1s<\/span>\n\t\t\t\t\t<\/span>\n\t\t\t\t\t<\/a>\n\t\t\t\t<\/div>\n\t\t\t\t\t\t\t\t<\/div>\n\t\t\t\t<\/div>\n\t\t\t\t<\/div>\n\t\t\t\t<div class=\"elementor-element elementor-element-7b90902 elementor-widget__width-initial elementor-widget elementor-widget-image\" data-id=\"7b90902\" data-element_type=\"widget\" data-widget_type=\"image.default\">\n\t\t\t\t<div class=\"elementor-widget-container\">\n\t\t\t\t\t\t\t\t\t\t\t\t\t\t\t<img decoding=\"async\" width=\"753\" height=\"1024\" src=\"https:\/\/blooom.life\/wp-content\/uploads\/2025\/10\/14f43d62-4108-430c-b15d-783944e7de00-e1761316437807-753x1024.jpg\" class=\"attachment-large size-large wp-image-3465\" alt=\"\" \/>\t\t\t\t\t\t\t\t\t\t\t\t\t\t\t<\/div>\n\t\t\t\t<\/div>\n\t\t\t\t\t<\/div>\n\t\t\t\t<\/div>\n\t\t<div class=\"elementor-element elementor-element-331d03e e-flex e-con-boxed e-con e-parent\" data-id=\"331d03e\" data-element_type=\"container\">\n\t\t\t\t\t<div class=\"e-con-inner\">\n\t\t\t\t<div class=\"elementor-element elementor-element-f716277 elementor-widget elementor-widget-heading\" data-id=\"f716277\" data-element_type=\"widget\" data-widget_type=\"heading.default\">\n\t\t\t\t<div class=\"elementor-widget-container\">\n\t\t\t\t\t<h2 class=\"elementor-heading-title elementor-size-default\">Otras Maneras de Ayudar<\/h2>\t\t\t\t<\/div>\n\t\t\t\t<\/div>\n\t\t\t\t<div class=\"elementor-element elementor-element-36ed53e elementor-widget__width-inherit elementor-widget elementor-widget-heading\" data-id=\"36ed53e\" data-element_type=\"widget\" data-widget_type=\"heading.default\">\n\t\t\t\t<div class=\"elementor-widget-container\">\n\t\t\t\t\t<p class=\"elementor-heading-title elementor-size-default\">Apoyo BLOOOM por el voluntariado, donaci\u00f3n, o la difusi\u00f3n de la palabra. Si usted da su tiempo, los recursos, o la voz, que nos ayudan a expandir las oportunidades para los j\u00f3venes adultos con discapacidad intelectual, y plantar las semillas de una mayor inclusi\u00f3n en el futuro.<\/p>\t\t\t\t<\/div>\n\t\t\t\t<\/div>\n\t\t\t\t<div class=\"elementor-element elementor-element-1f63354 elementor-align-center elementor-mobile-align-center elementor-widget elementor-widget-button\" data-id=\"1f63354\" data-element_type=\"widget\" data-widget_type=\"button.default\">\n\t\t\t\t<div class=\"elementor-widget-container\">\n\t\t\t\t\t\t\t\t\t<div class=\"elementor-button-wrapper\">\n\t\t\t\t\t<a class=\"elementor-button elementor-button-link elementor-size-sm\" href=\"https:\/\/blooom.life\/es\/other-ways-to-participate\/\">\n\t\t\t\t\t\t<span class=\"elementor-button-content-wrapper\">\n\t\t\t\t\t\t\t\t\t<span class=\"elementor-button-text\">Ver m\u00e1s<\/span>\n\t\t\t\t\t<\/span>\n\t\t\t\t\t<\/a>\n\t\t\t\t<\/div>\n\t\t\t\t\t\t\t\t<\/div>\n\t\t\t\t<\/div>\n\t\t\t\t\t<\/div>\n\t\t\t\t<\/div>\n\t\t<div class=\"elementor-element elementor-element-fa43ad0 e-flex e-con-boxed e-con e-parent\" data-id=\"fa43ad0\" data-element_type=\"container\">\n\t\t\t\t\t<div class=\"e-con-inner\">\n\t\t\t\t<div class=\"elementor-element elementor-element-c48f549 elementor-widget elementor-widget-html\" data-id=\"c48f549\" data-element_type=\"widget\" data-widget_type=\"html.default\">\n\t\t\t\t<div class=\"elementor-widget-container\">\n\t\t\t\t\t<style>\n    .eael-elements-flip-box-padding {\n        padding-left: 20px !important;\n        padding-right: 20px !important;\n    }\n<\/style>\t\t\t\t<\/div>\n\t\t\t\t<\/div>\n\t\t\t\t\t<\/div>\n\t\t\t\t<\/div>\n\t\t\t\t<\/div>","protected":false},"excerpt":{"rendered":"<p>Grow with Us Microgreens are small, nutrient-packed plants harvested just days after germination. At BLOOOM, they are not just crops, but a gateway to learning, inclusion and empowerment. Explore how we grow them, why they matter, and how you can bring this powerful tool to your community. Ready to grow potential? Join the movement! Who [&hellip;]<\/p>","protected":false},"author":1,"featured_media":0,"parent":0,"menu_order":0,"comment_status":"closed","ping_status":"closed","template":"","meta":{"_uag_custom_page_level_css":"","site-sidebar-layout":"no-sidebar","site-content-layout":"page-builder","ast-site-content-layout":"full-width-container","site-content-style":"default","site-sidebar-style":"default","ast-global-header-display":"","ast-banner-title-visibility":"","ast-main-header-display":"","ast-hfb-above-header-display":"","ast-hfb-below-header-display":"","ast-hfb-mobile-header-display":"","site-post-title":"disabled","ast-breadcrumbs-content":"","ast-featured-img":"disabled","footer-sml-layout":"","theme-transparent-header-meta":"","adv-header-id-meta":"","stick-header-meta":"","header-above-stick-meta":"","header-main-stick-meta":"","header-below-stick-meta":"","astra-migrate-meta-layouts":"set","ast-page-background-enabled":"default","ast-page-background-meta":{"desktop":{"background-color":"","background-image":"","background-repeat":"repeat","background-position":"center center","background-size":"auto","background-attachment":"scroll","background-type":"","background-media":"","overlay-type":"","overlay-color":"","overlay-opacity":"","overlay-gradient":""},"tablet":{"background-color":"","background-image":"","background-repeat":"repeat","background-position":"center center","background-size":"auto","background-attachment":"scroll","background-type":"","background-media":"","overlay-type":"","overlay-color":"","overlay-opacity":"","overlay-gradient":""},"mobile":{"background-color":"","background-image":"","background-repeat":"repeat","background-position":"center center","background-size":"auto","background-attachment":"scroll","background-type":"","background-media":"","overlay-type":"","overlay-color":"","overlay-opacity":"","overlay-gradient":""}},"ast-content-background-meta":{"desktop":{"background-color":"var(--ast-global-color-5)","background-image":"","background-repeat":"repeat","background-position":"center center","background-size":"auto","background-attachment":"scroll","background-type":"","background-media":"","overlay-type":"","overlay-color":"","overlay-opacity":"","overlay-gradient":""},"tablet":{"background-color":"var(--ast-global-color-5)","background-image":"","background-repeat":"repeat","background-position":"center center","background-size":"auto","background-attachment":"scroll","background-type":"","background-media":"","overlay-type":"","overlay-color":"","overlay-opacity":"","overlay-gradient":""},"mobile":{"background-color":"var(--ast-global-color-5)","background-image":"","background-repeat":"repeat","background-position":"center center","background-size":"auto","background-attachment":"scroll","background-type":"","background-media":"","overlay-type":"","overlay-color":"","overlay-opacity":"","overlay-gradient":""}},"footnotes":""},"class_list":["post-3021","page","type-page","status-publish","hentry"],"uagb_featured_image_src":{"full":false,"thumbnail":false,"medium":false,"medium_large":false,"large":false,"1536x1536":false,"2048x2048":false,"trp-custom-language-flag":false},"uagb_author_info":{"display_name":"blooom-admin","author_link":"https:\/\/blooom.life\/es\/author\/blooom-admin\/"},"uagb_comment_info":0,"uagb_excerpt":"Grow with Us Microgreens are small, nutrient-packed plants harvested just days after germination. At BLOOOM, they are not just crops, but a gateway to learning, inclusion and empowerment. Explore how we grow them, why they matter, and how you can bring this powerful tool to your community. Ready to grow potential? Join the movement! Who&hellip;","_links":{"self":[{"href":"https:\/\/blooom.life\/es\/wp-json\/wp\/v2\/pages\/3021","targetHints":{"allow":["GET"]}}],"collection":[{"href":"https:\/\/blooom.life\/es\/wp-json\/wp\/v2\/pages"}],"about":[{"href":"https:\/\/blooom.life\/es\/wp-json\/wp\/v2\/types\/page"}],"author":[{"embeddable":true,"href":"https:\/\/blooom.life\/es\/wp-json\/wp\/v2\/users\/1"}],"replies":[{"embeddable":true,"href":"https:\/\/blooom.life\/es\/wp-json\/wp\/v2\/comments?post=3021"}],"version-history":[{"count":14,"href":"https:\/\/blooom.life\/es\/wp-json\/wp\/v2\/pages\/3021\/revisions"}],"predecessor-version":[{"id":3734,"href":"https:\/\/blooom.life\/es\/wp-json\/wp\/v2\/pages\/3021\/revisions\/3734"}],"wp:attachment":[{"href":"https:\/\/blooom.life\/es\/wp-json\/wp\/v2\/media?parent=3021"}],"curies":[{"name":"wp","href":"https:\/\/api.w.org\/{rel}","templated":true}]}}